{"id":2190,"date":"2024-08-14T00:44:52","date_gmt":"2024-08-14T00:44:52","guid":{"rendered":"https:\/\/spmdistri.ml\/?page_id=2190"},"modified":"2024-08-14T00:48:08","modified_gmt":"2024-08-14T00:48:08","slug":"accessoires","status":"publish","type":"page","link":"https:\/\/spmdistri.ml\/index.php\/accessoires\/","title":{"rendered":"Accessoires"},"content":{"rendered":"\t\t<div data-elementor-type=\"wp-page\" data-elementor-id=\"2190\" class=\"elementor elementor-2190\">\n\t\t\t\t\t\t<section class=\"elementor-section elementor-top-section elementor-element elementor-element-69f95110 elementor-section-boxed elementor-section-height-default elementor-section-height-default wpr-particle-no wpr-jarallax-no wpr-parallax-no wpr-sticky-section-no\" data-id=\"69f95110\" data-element_type=\"section\" data-settings=\"{&quot;background_background&quot;:&quot;classic&quot;}\">\n\t\t\t\t\t\t<div class=\"elementor-container elementor-column-gap-default\">\n\t\t\t\t\t<div class=\"elementor-column elementor-col-100 elementor-top-column elementor-element elementor-element-70630c65\" data-id=\"70630c65\" data-element_type=\"column\">\n\t\t\t<div class=\"elementor-widget-wrap elementor-element-populated\">\n\t\t\t\t\t\t<div class=\"elementor-element elementor-element-337679e3 wpr-grid-columns-3 wpr-grid-columns--tablet2 wpr-grid-columns--mobile1 wpr-grid-pagination-center wpr-item-styles-inner elementor-widget elementor-widget-wpr-woo-grid\" data-id=\"337679e3\" data-element_type=\"widget\" data-widget_type=\"wpr-woo-grid.default\">\n\t\t\t\t<div class=\"elementor-widget-container\">\n\t\t\t\t\t<ul class=\"wpr-grid-filters elementor-clearfix wpr-grid-filters-sep-right\"><li class=\" wpr-pointer-none wpr-pointer-line-fx wpr-pointer-fx-none\"><span data-filter=\"*\" class=\"wpr-active-filter \">All Products<\/span><em class=\"wpr-grid-filters-sep\"><\/em><\/li><li class=\" wpr-pointer-none wpr-pointer-line-fx wpr-pointer-fx-none\"><span  data-ajax-filter=[\"product_cat\",\"accessoires\"] data-filter=\".product_cat-accessoires\">Accessoires<\/span><em class=\"wpr-grid-filters-sep\"><\/em><\/li><\/ul><section class=\"wpr-grid elementor-clearfix\" data-settings=\"{&quot;layout&quot;:&quot;fitRows&quot;,&quot;stick_last_element_to_bottom&quot;:&quot;&quot;,&quot;columns_desktop&quot;:3,&quot;gutter_hr&quot;:20,&quot;gutter_hr_mobile&quot;:20,&quot;gutter_hr_mobile_extra&quot;:20,&quot;gutter_hr_tablet&quot;:20,&quot;gutter_hr_tablet_extra&quot;:20,&quot;gutter_hr_laptop&quot;:20,&quot;gutter_hr_widescreen&quot;:20,&quot;gutter_vr&quot;:30,&quot;gutter_vr_mobile&quot;:30,&quot;gutter_vr_mobile_extra&quot;:30,&quot;gutter_vr_tablet&quot;:30,&quot;gutter_vr_tablet_extra&quot;:30,&quot;gutter_vr_laptop&quot;:30,&quot;gutter_vr_widescreen&quot;:30,&quot;animation&quot;:&quot;default&quot;,&quot;animation_duration&quot;:0.299999999999999988897769753748434595763683319091796875,&quot;animation_delay&quot;:0.1000000000000000055511151231257827021181583404541015625,&quot;deeplinking&quot;:&quot;&quot;,&quot;filters_linkable&quot;:&quot;no&quot;,&quot;filters_default_filter&quot;:&quot;&quot;,&quot;filters_count&quot;:&quot;&quot;,&quot;filters_hide_empty&quot;:&quot;yes&quot;,&quot;filters_animation&quot;:&quot;default&quot;,&quot;filters_animation_duration&quot;:0.299999999999999988897769753748434595763683319091796875,&quot;filters_animation_delay&quot;:0.1000000000000000055511151231257827021181583404541015625,&quot;pagination_type&quot;:&quot;load-more&quot;,&quot;pagination_max_pages&quot;:1,&quot;query_posts_per_page&quot;:9,&quot;lightbox&quot;:{&quot;selector&quot;:&quot;.wpr-grid-image-wrap&quot;,&quot;iframeMaxWidth&quot;:&quot;60%&quot;,&quot;hash&quot;:false,&quot;autoplay&quot;:&quot;true&quot;,&quot;pause&quot;:5000,&quot;progressBar&quot;:&quot;true&quot;,&quot;counter&quot;:&quot;true&quot;,&quot;controls&quot;:&quot;true&quot;,&quot;getCaptionFromTitleOrAlt&quot;:&quot;true&quot;,&quot;thumbnail&quot;:&quot;&quot;,&quot;showThumbByDefault&quot;:&quot;&quot;,&quot;share&quot;:&quot;&quot;,&quot;zoom&quot;:&quot;true&quot;,&quot;fullScreen&quot;:&quot;true&quot;,&quot;download&quot;:&quot;true&quot;}}\" data-found-posts = 6><article class=\"wpr-grid-item elementor-clearfix post-130 product type-product status-publish has-post-thumbnail product_cat-accessoires first instock taxable shipping-taxable product-type-simple\"><div class=\"wpr-grid-item-inner\"><div class=\"wpr-grid-item-above-content elementor-clearfix\"><h2 class=\"wpr-grid-item-title elementor-repeater-item-1be3687 wpr-grid-item-display-inline wpr-grid-item-align-left wpr-pointer-none wpr-pointer-line-fx wpr-pointer-fx-fade\"><div class=\"inner-block\"><a target=\"_self\"   href=\"https:\/\/spmdistri.ml\/index.php\/produit\/masque-chirurgical-type-iir-bte-50-pcs\/\">Masque Chirurgical type IIR ( Bte 50 pcs)<\/a><\/div><\/h2><div class=\"wpr-grid-item-status elementor-repeater-item-bb57ee8 wpr-grid-item-display-inline wpr-grid-item-align-right\"><div class=\"inner-block\"><\/div><\/div><\/div><div class=\"wpr-grid-media-wrap wpr-effect-size-medium \" data-overlay-link=\"yes\"><div class=\"wpr-grid-image-wrap\" data-src=\"https:\/\/spmdistri.ml\/wp-content\/uploads\/elementor\/thumbs\/IMG_20231031_231716_705-qshxvfqimw1tol4qvls9teuf2curau84dkz2codj54.jpg\"  data-img-on-hover=\"\" data-src-secondary=\"\"><img decoding=\"async\" src=\"https:\/\/spmdistri.ml\/wp-content\/uploads\/elementor\/thumbs\/IMG_20231031_231716_705-qshxvfqimw1tol4qvls9teuf2curau84dkz2codj54.jpg\" alt=\"Masque Chirurgical type IIR ( Bte 50 pcs)\" class=\"wpr-anim-timing-ease-default\"><\/div><div class=\"wpr-grid-media-hover wpr-animation-wrap\"><div class=\"wpr-grid-media-hover-bg  wpr-overlay-fade-in wpr-anim-size-large wpr-anim-timing-ease-default wpr-anim-transparency\" data-url=\"https:\/\/spmdistri.ml\/index.php\/produit\/masque-chirurgical-type-iir-bte-50-pcs\/\"><\/div><\/div><\/div><div class=\"wpr-grid-item-below-content elementor-clearfix\"><div class=\"wpr-grid-item-price elementor-repeater-item-907abe3 wpr-grid-item-display-inline wpr-grid-item-align-left\"><div class=\"inner-block\"><span><\/span><\/div><\/div><div class=\"wpr-grid-item-add-to-cart elementor-repeater-item-9ab1d53 wpr-grid-item-display-inline wpr-grid-item-align-right\"><div class=\"inner-block\"><a rel=\"nofollow\" class=\"product_type_simple ajax_add_to_cart wpr-button-effect wpr-button-none \" aria-label=\"En savoir plus sur &ldquo;Masque Chirurgical type IIR ( Bte 50 pcs)&rdquo;\" data-product_id=\"130\" data-product_sku=\"\" data-atc-popup=\"\" data-atc-animation=\"\" data-atc-fade-out-in=\"\" data-atc-animation-time=\"\" href=\"https:\/\/spmdistri.ml\/index.php\/produit\/masque-chirurgical-type-iir-bte-50-pcs\/\"><span>Add to Cart<span class=\"wpr-grid-extra-icon-right\"><svg aria-hidden=\"true\" class=\"e-font-icon-svg e-fas-shopping-cart\" viewBox=\"0 0 576 512\" xmlns=\"http:\/\/www.w3.org\/2000\/svg\"><path d=\"M528.12 301.319l47.273-208C578.806 78.301 567.391 64 551.99 64H159.208l-9.166-44.81C147.758 8.021 137.93 0 126.529 0H24C10.745 0 0 10.745 0 24v16c0 13.255 10.745 24 24 24h69.883l70.248 343.435C147.325 417.1 136 435.222 136 456c0 30.928 25.072 56 56 56s56-25.072 56-56c0-15.674-6.447-29.835-16.824-40h209.647C430.447 426.165 424 440.326 424 456c0 30.928 25.072 56 56 56s56-25.072 56-56c0-22.172-12.888-41.332-31.579-50.405l5.517-24.276c3.413-15.018-8.002-29.319-23.403-29.319H218.117l-6.545-32h293.145c11.206 0 20.92-7.754 23.403-18.681z\"><\/path><\/svg><\/span><\/span><\/a><\/div><\/div><div class=\"wpr-grid-item-product_cat elementor-repeater-item-9c632b3 wpr-grid-item-display-block wpr-grid-item-align-left wpr-pointer-none wpr-pointer-line-fx wpr-pointer-fx-fade wpr-grid-product-categories\"><div class=\"inner-block\"><a  href=\"https:\/\/spmdistri.ml\/index.php\/categorie-produit\/accessoires\/\">Accessoires<\/a><\/div><\/div><\/div><\/div><\/article><article class=\"wpr-grid-item elementor-clearfix post-128 product type-product status-publish has-post-thumbnail product_cat-accessoires  instock taxable shipping-taxable product-type-simple\"><div class=\"wpr-grid-item-inner\"><div class=\"wpr-grid-item-above-content elementor-clearfix\"><h2 class=\"wpr-grid-item-title elementor-repeater-item-1be3687 wpr-grid-item-display-inline wpr-grid-item-align-left wpr-pointer-none wpr-pointer-line-fx wpr-pointer-fx-fade\"><div class=\"inner-block\"><a target=\"_self\"   href=\"https:\/\/spmdistri.ml\/index.php\/produit\/masque-chirurgical-bte-50-pcs\/\">Masque Chirurgical ( Bte 50 pcs)<\/a><\/div><\/h2><div class=\"wpr-grid-item-status elementor-repeater-item-bb57ee8 wpr-grid-item-display-inline wpr-grid-item-align-right\"><div class=\"inner-block\"><\/div><\/div><\/div><div class=\"wpr-grid-media-wrap wpr-effect-size-medium \" data-overlay-link=\"yes\"><div class=\"wpr-grid-image-wrap\" data-src=\"https:\/\/spmdistri.ml\/wp-content\/uploads\/elementor\/thumbs\/IMG_20231031_231709_466-qshxv5eajpno4vjrjzbdjzgcj49py632o5sq2msv1k.jpg\"  data-img-on-hover=\"\" data-src-secondary=\"\"><img decoding=\"async\" src=\"https:\/\/spmdistri.ml\/wp-content\/uploads\/elementor\/thumbs\/IMG_20231031_231709_466-qshxv5eajpno4vjrjzbdjzgcj49py632o5sq2msv1k.jpg\" alt=\"Masque Chirurgical ( Bte 50 pcs)\" class=\"wpr-anim-timing-ease-default\"><\/div><div class=\"wpr-grid-media-hover wpr-animation-wrap\"><div class=\"wpr-grid-media-hover-bg  wpr-overlay-fade-in wpr-anim-size-large wpr-anim-timing-ease-default wpr-anim-transparency\" data-url=\"https:\/\/spmdistri.ml\/index.php\/produit\/masque-chirurgical-bte-50-pcs\/\"><\/div><\/div><\/div><div class=\"wpr-grid-item-below-content elementor-clearfix\"><div class=\"wpr-grid-item-price elementor-repeater-item-907abe3 wpr-grid-item-display-inline wpr-grid-item-align-left\"><div class=\"inner-block\"><span><\/span><\/div><\/div><div class=\"wpr-grid-item-add-to-cart elementor-repeater-item-9ab1d53 wpr-grid-item-display-inline wpr-grid-item-align-right\"><div class=\"inner-block\"><a rel=\"nofollow\" class=\"product_type_simple ajax_add_to_cart wpr-button-effect wpr-button-none \" aria-label=\"En savoir plus sur &ldquo;Masque Chirurgical ( Bte 50 pcs)&rdquo;\" data-product_id=\"128\" data-product_sku=\"\" data-atc-popup=\"\" data-atc-animation=\"\" data-atc-fade-out-in=\"\" data-atc-animation-time=\"\" href=\"https:\/\/spmdistri.ml\/index.php\/produit\/masque-chirurgical-bte-50-pcs\/\"><span>Add to Cart<span class=\"wpr-grid-extra-icon-right\"><svg aria-hidden=\"true\" class=\"e-font-icon-svg e-fas-shopping-cart\" viewBox=\"0 0 576 512\" xmlns=\"http:\/\/www.w3.org\/2000\/svg\"><path d=\"M528.12 301.319l47.273-208C578.806 78.301 567.391 64 551.99 64H159.208l-9.166-44.81C147.758 8.021 137.93 0 126.529 0H24C10.745 0 0 10.745 0 24v16c0 13.255 10.745 24 24 24h69.883l70.248 343.435C147.325 417.1 136 435.222 136 456c0 30.928 25.072 56 56 56s56-25.072 56-56c0-15.674-6.447-29.835-16.824-40h209.647C430.447 426.165 424 440.326 424 456c0 30.928 25.072 56 56 56s56-25.072 56-56c0-22.172-12.888-41.332-31.579-50.405l5.517-24.276c3.413-15.018-8.002-29.319-23.403-29.319H218.117l-6.545-32h293.145c11.206 0 20.92-7.754 23.403-18.681z\"><\/path><\/svg><\/span><\/span><\/a><\/div><\/div><div class=\"wpr-grid-item-product_cat elementor-repeater-item-9c632b3 wpr-grid-item-display-block wpr-grid-item-align-left wpr-pointer-none wpr-pointer-line-fx wpr-pointer-fx-fade wpr-grid-product-categories\"><div class=\"inner-block\"><a  href=\"https:\/\/spmdistri.ml\/index.php\/categorie-produit\/accessoires\/\">Accessoires<\/a><\/div><\/div><\/div><\/div><\/article><article class=\"wpr-grid-item elementor-clearfix post-126 product type-product status-publish has-post-thumbnail product_cat-accessoires last instock taxable shipping-taxable product-type-simple\"><div class=\"wpr-grid-item-inner\"><div class=\"wpr-grid-item-above-content elementor-clearfix\"><h2 class=\"wpr-grid-item-title elementor-repeater-item-1be3687 wpr-grid-item-display-inline wpr-grid-item-align-left wpr-pointer-none wpr-pointer-line-fx wpr-pointer-fx-fade\"><div class=\"inner-block\"><a target=\"_self\"   href=\"https:\/\/spmdistri.ml\/index.php\/produit\/masque-medical-bte-50-pcs\/\">Masque m\u00e9dical ( Bte 50 pcs)<\/a><\/div><\/h2><div class=\"wpr-grid-item-status elementor-repeater-item-bb57ee8 wpr-grid-item-display-inline wpr-grid-item-align-right\"><div class=\"inner-block\"><\/div><\/div><\/div><div class=\"wpr-grid-media-wrap wpr-effect-size-medium \" data-overlay-link=\"yes\"><div class=\"wpr-grid-image-wrap\" data-src=\"https:\/\/spmdistri.ml\/wp-content\/uploads\/elementor\/thumbs\/IMG_20231031_231700_373-qshxxccqhsnr84d2qxg1dfj2fhgjwqsiz0lidvjsiw.jpg\"  data-img-on-hover=\"\" data-src-secondary=\"\"><img decoding=\"async\" src=\"https:\/\/spmdistri.ml\/wp-content\/uploads\/elementor\/thumbs\/IMG_20231031_231700_373-qshxxccqhsnr84d2qxg1dfj2fhgjwqsiz0lidvjsiw.jpg\" alt=\"Masque m\u00e9dical ( Bte 50 pcs)\" class=\"wpr-anim-timing-ease-default\"><\/div><div class=\"wpr-grid-media-hover wpr-animation-wrap\"><div class=\"wpr-grid-media-hover-bg  wpr-overlay-fade-in wpr-anim-size-large wpr-anim-timing-ease-default wpr-anim-transparency\" data-url=\"https:\/\/spmdistri.ml\/index.php\/produit\/masque-medical-bte-50-pcs\/\"><\/div><\/div><\/div><div class=\"wpr-grid-item-below-content elementor-clearfix\"><div class=\"wpr-grid-item-price elementor-repeater-item-907abe3 wpr-grid-item-display-inline wpr-grid-item-align-left\"><div class=\"inner-block\"><span><\/span><\/div><\/div><div class=\"wpr-grid-item-add-to-cart elementor-repeater-item-9ab1d53 wpr-grid-item-display-inline wpr-grid-item-align-right\"><div class=\"inner-block\"><a rel=\"nofollow\" class=\"product_type_simple ajax_add_to_cart wpr-button-effect wpr-button-none \" aria-label=\"En savoir plus sur &ldquo;Masque m\u00e9dical ( Bte 50 pcs)&rdquo;\" data-product_id=\"126\" data-product_sku=\"\" data-atc-popup=\"\" data-atc-animation=\"\" data-atc-fade-out-in=\"\" data-atc-animation-time=\"\" href=\"https:\/\/spmdistri.ml\/index.php\/produit\/masque-medical-bte-50-pcs\/\"><span>Add to Cart<span class=\"wpr-grid-extra-icon-right\"><svg aria-hidden=\"true\" class=\"e-font-icon-svg e-fas-shopping-cart\" viewBox=\"0 0 576 512\" xmlns=\"http:\/\/www.w3.org\/2000\/svg\"><path d=\"M528.12 301.319l47.273-208C578.806 78.301 567.391 64 551.99 64H159.208l-9.166-44.81C147.758 8.021 137.93 0 126.529 0H24C10.745 0 0 10.745 0 24v16c0 13.255 10.745 24 24 24h69.883l70.248 343.435C147.325 417.1 136 435.222 136 456c0 30.928 25.072 56 56 56s56-25.072 56-56c0-15.674-6.447-29.835-16.824-40h209.647C430.447 426.165 424 440.326 424 456c0 30.928 25.072 56 56 56s56-25.072 56-56c0-22.172-12.888-41.332-31.579-50.405l5.517-24.276c3.413-15.018-8.002-29.319-23.403-29.319H218.117l-6.545-32h293.145c11.206 0 20.92-7.754 23.403-18.681z\"><\/path><\/svg><\/span><\/span><\/a><\/div><\/div><div class=\"wpr-grid-item-product_cat elementor-repeater-item-9c632b3 wpr-grid-item-display-block wpr-grid-item-align-left wpr-pointer-none wpr-pointer-line-fx wpr-pointer-fx-fade wpr-grid-product-categories\"><div class=\"inner-block\"><a  href=\"https:\/\/spmdistri.ml\/index.php\/categorie-produit\/accessoires\/\">Accessoires<\/a><\/div><\/div><\/div><\/div><\/article><article class=\"wpr-grid-item elementor-clearfix post-114 product type-product status-publish has-post-thumbnail product_cat-accessoires product_tag-pansement first instock taxable shipping-taxable product-type-simple\"><div class=\"wpr-grid-item-inner\"><div class=\"wpr-grid-item-above-content elementor-clearfix\"><h2 class=\"wpr-grid-item-title elementor-repeater-item-1be3687 wpr-grid-item-display-inline wpr-grid-item-align-left wpr-pointer-none wpr-pointer-line-fx wpr-pointer-fx-fade\"><div class=\"inner-block\"><a target=\"_self\"   href=\"https:\/\/spmdistri.ml\/index.php\/produit\/pansement-hippoallergique\/\">Pansement Black Skin<\/a><\/div><\/h2><div class=\"wpr-grid-item-status elementor-repeater-item-bb57ee8 wpr-grid-item-display-inline wpr-grid-item-align-right\"><div class=\"inner-block\"><\/div><\/div><\/div><div class=\"wpr-grid-media-wrap wpr-effect-size-medium \" data-overlay-link=\"yes\"><div class=\"wpr-grid-image-wrap\" data-src=\"https:\/\/spmdistri.ml\/wp-content\/uploads\/elementor\/thumbs\/IMG_20231031_231646_386-qshxw545rf0ke23vrer76qfv3rdo2o0vh2l6b5bwh4.jpg\"  data-img-on-hover=\"\" data-src-secondary=\"\"><img decoding=\"async\" src=\"https:\/\/spmdistri.ml\/wp-content\/uploads\/elementor\/thumbs\/IMG_20231031_231646_386-qshxw545rf0ke23vrer76qfv3rdo2o0vh2l6b5bwh4.jpg\" alt=\"Pansement Black Skin\" class=\"wpr-anim-timing-ease-default\"><\/div><div class=\"wpr-grid-media-hover wpr-animation-wrap\"><div class=\"wpr-grid-media-hover-bg  wpr-overlay-fade-in wpr-anim-size-large wpr-anim-timing-ease-default wpr-anim-transparency\" data-url=\"https:\/\/spmdistri.ml\/index.php\/produit\/pansement-hippoallergique\/\"><\/div><\/div><\/div><div class=\"wpr-grid-item-below-content elementor-clearfix\"><div class=\"wpr-grid-item-price elementor-repeater-item-907abe3 wpr-grid-item-display-inline wpr-grid-item-align-left\"><div class=\"inner-block\"><span><\/span><\/div><\/div><div class=\"wpr-grid-item-add-to-cart elementor-repeater-item-9ab1d53 wpr-grid-item-display-inline wpr-grid-item-align-right\"><div class=\"inner-block\"><a rel=\"nofollow\" class=\"product_type_simple ajax_add_to_cart wpr-button-effect wpr-button-none \" aria-label=\"En savoir plus sur &ldquo;Pansement Black Skin&rdquo;\" data-product_id=\"114\" data-product_sku=\"\" data-atc-popup=\"\" data-atc-animation=\"\" data-atc-fade-out-in=\"\" data-atc-animation-time=\"\" href=\"https:\/\/spmdistri.ml\/index.php\/produit\/pansement-hippoallergique\/\"><span>Add to Cart<span class=\"wpr-grid-extra-icon-right\"><svg aria-hidden=\"true\" class=\"e-font-icon-svg e-fas-shopping-cart\" viewBox=\"0 0 576 512\" xmlns=\"http:\/\/www.w3.org\/2000\/svg\"><path d=\"M528.12 301.319l47.273-208C578.806 78.301 567.391 64 551.99 64H159.208l-9.166-44.81C147.758 8.021 137.93 0 126.529 0H24C10.745 0 0 10.745 0 24v16c0 13.255 10.745 24 24 24h69.883l70.248 343.435C147.325 417.1 136 435.222 136 456c0 30.928 25.072 56 56 56s56-25.072 56-56c0-15.674-6.447-29.835-16.824-40h209.647C430.447 426.165 424 440.326 424 456c0 30.928 25.072 56 56 56s56-25.072 56-56c0-22.172-12.888-41.332-31.579-50.405l5.517-24.276c3.413-15.018-8.002-29.319-23.403-29.319H218.117l-6.545-32h293.145c11.206 0 20.92-7.754 23.403-18.681z\"><\/path><\/svg><\/span><\/span><\/a><\/div><\/div><div class=\"wpr-grid-item-product_cat elementor-repeater-item-9c632b3 wpr-grid-item-display-block wpr-grid-item-align-left wpr-pointer-none wpr-pointer-line-fx wpr-pointer-fx-fade wpr-grid-product-categories\"><div class=\"inner-block\"><a  href=\"https:\/\/spmdistri.ml\/index.php\/categorie-produit\/accessoires\/\">Accessoires<\/a><\/div><\/div><\/div><\/div><\/article><article class=\"wpr-grid-item elementor-clearfix post-112 product type-product status-publish has-post-thumbnail product_cat-accessoires product_tag-analyseur-dhemoglobine  instock taxable shipping-taxable product-type-simple\"><div class=\"wpr-grid-item-inner\"><div class=\"wpr-grid-item-above-content elementor-clearfix\"><h2 class=\"wpr-grid-item-title elementor-repeater-item-1be3687 wpr-grid-item-display-inline wpr-grid-item-align-left wpr-pointer-none wpr-pointer-line-fx wpr-pointer-fx-fade\"><div class=\"inner-block\"><a target=\"_self\"   href=\"https:\/\/spmdistri.ml\/index.php\/produit\/analieur-dhemoglobine-hb\/\">Analyseur d&rsquo;h\u00e9moglobine (Hb)<\/a><\/div><\/h2><div class=\"wpr-grid-item-status elementor-repeater-item-bb57ee8 wpr-grid-item-display-inline wpr-grid-item-align-right\"><div class=\"inner-block\"><\/div><\/div><\/div><div class=\"wpr-grid-media-wrap wpr-effect-size-medium \" data-overlay-link=\"yes\"><div class=\"wpr-grid-image-wrap\" data-src=\"https:\/\/spmdistri.ml\/wp-content\/uploads\/elementor\/thumbs\/IMG_20231031_231659_971-qskfl0hmfj3i87zpf3v4bxu818ol8if4qi2lp9umg8.jpg\"  data-img-on-hover=\"\" data-src-secondary=\"\"><img decoding=\"async\" src=\"https:\/\/spmdistri.ml\/wp-content\/uploads\/elementor\/thumbs\/IMG_20231031_231659_971-qskfl0hmfj3i87zpf3v4bxu818ol8if4qi2lp9umg8.jpg\" alt=\"Analyseur d&rsquo;h\u00e9moglobine (Hb)\" class=\"wpr-anim-timing-ease-default\"><\/div><div class=\"wpr-grid-media-hover wpr-animation-wrap\"><div class=\"wpr-grid-media-hover-bg  wpr-overlay-fade-in wpr-anim-size-large wpr-anim-timing-ease-default wpr-anim-transparency\" data-url=\"https:\/\/spmdistri.ml\/index.php\/produit\/analieur-dhemoglobine-hb\/\"><\/div><\/div><\/div><div class=\"wpr-grid-item-below-content elementor-clearfix\"><div class=\"wpr-grid-item-price elementor-repeater-item-907abe3 wpr-grid-item-display-inline wpr-grid-item-align-left\"><div class=\"inner-block\"><span><\/span><\/div><\/div><div class=\"wpr-grid-item-add-to-cart elementor-repeater-item-9ab1d53 wpr-grid-item-display-inline wpr-grid-item-align-right\"><div class=\"inner-block\"><a rel=\"nofollow\" class=\"product_type_simple ajax_add_to_cart wpr-button-effect wpr-button-none \" aria-label=\"En savoir plus sur &ldquo;Analyseur d&#039;h\u00e9moglobine (Hb)&rdquo;\" data-product_id=\"112\" data-product_sku=\"\" data-atc-popup=\"\" data-atc-animation=\"\" data-atc-fade-out-in=\"\" data-atc-animation-time=\"\" href=\"https:\/\/spmdistri.ml\/index.php\/produit\/analieur-dhemoglobine-hb\/\"><span>Add to Cart<span class=\"wpr-grid-extra-icon-right\"><svg aria-hidden=\"true\" class=\"e-font-icon-svg e-fas-shopping-cart\" viewBox=\"0 0 576 512\" xmlns=\"http:\/\/www.w3.org\/2000\/svg\"><path d=\"M528.12 301.319l47.273-208C578.806 78.301 567.391 64 551.99 64H159.208l-9.166-44.81C147.758 8.021 137.93 0 126.529 0H24C10.745 0 0 10.745 0 24v16c0 13.255 10.745 24 24 24h69.883l70.248 343.435C147.325 417.1 136 435.222 136 456c0 30.928 25.072 56 56 56s56-25.072 56-56c0-15.674-6.447-29.835-16.824-40h209.647C430.447 426.165 424 440.326 424 456c0 30.928 25.072 56 56 56s56-25.072 56-56c0-22.172-12.888-41.332-31.579-50.405l5.517-24.276c3.413-15.018-8.002-29.319-23.403-29.319H218.117l-6.545-32h293.145c11.206 0 20.92-7.754 23.403-18.681z\"><\/path><\/svg><\/span><\/span><\/a><\/div><\/div><div class=\"wpr-grid-item-product_cat elementor-repeater-item-9c632b3 wpr-grid-item-display-block wpr-grid-item-align-left wpr-pointer-none wpr-pointer-line-fx wpr-pointer-fx-fade wpr-grid-product-categories\"><div class=\"inner-block\"><a  href=\"https:\/\/spmdistri.ml\/index.php\/categorie-produit\/accessoires\/\">Accessoires<\/a><\/div><\/div><\/div><\/div><\/article><article class=\"wpr-grid-item elementor-clearfix post-94 product type-product status-publish has-post-thumbnail product_cat-accessoires last instock taxable shipping-taxable product-type-simple\"><div class=\"wpr-grid-item-inner\"><div class=\"wpr-grid-item-above-content elementor-clearfix\"><h2 class=\"wpr-grid-item-title elementor-repeater-item-1be3687 wpr-grid-item-display-inline wpr-grid-item-align-left wpr-pointer-none wpr-pointer-line-fx wpr-pointer-fx-fade\"><div class=\"inner-block\"><a target=\"_self\"   href=\"https:\/\/spmdistri.ml\/index.php\/produit\/oxymetre\/\">Oxym\u00e8tre<\/a><\/div><\/h2><div class=\"wpr-grid-item-status elementor-repeater-item-bb57ee8 wpr-grid-item-display-inline wpr-grid-item-align-right\"><div class=\"inner-block\"><\/div><\/div><\/div><div class=\"wpr-grid-media-wrap wpr-effect-size-medium \" data-overlay-link=\"yes\"><div class=\"wpr-grid-image-wrap\" data-src=\"https:\/\/spmdistri.ml\/wp-content\/uploads\/elementor\/thumbs\/IMG_20231031_231709_025-qshxxjvg0gy1t025j0p1xdmr6kfhmbmdo1te838n54.jpg\"  data-img-on-hover=\"\" data-src-secondary=\"\"><img decoding=\"async\" src=\"https:\/\/spmdistri.ml\/wp-content\/uploads\/elementor\/thumbs\/IMG_20231031_231709_025-qshxxjvg0gy1t025j0p1xdmr6kfhmbmdo1te838n54.jpg\" alt=\"Oxym\u00e8tre\" class=\"wpr-anim-timing-ease-default\"><\/div><div class=\"wpr-grid-media-hover wpr-animation-wrap\"><div class=\"wpr-grid-media-hover-bg  wpr-overlay-fade-in wpr-anim-size-large wpr-anim-timing-ease-default wpr-anim-transparency\" data-url=\"https:\/\/spmdistri.ml\/index.php\/produit\/oxymetre\/\"><\/div><\/div><\/div><div class=\"wpr-grid-item-below-content elementor-clearfix\"><div class=\"wpr-grid-item-price elementor-repeater-item-907abe3 wpr-grid-item-display-inline wpr-grid-item-align-left\"><div class=\"inner-block\"><span><\/span><\/div><\/div><div class=\"wpr-grid-item-add-to-cart elementor-repeater-item-9ab1d53 wpr-grid-item-display-inline wpr-grid-item-align-right\"><div class=\"inner-block\"><a rel=\"nofollow\" class=\"product_type_simple ajax_add_to_cart wpr-button-effect wpr-button-none \" aria-label=\"En savoir plus sur &ldquo;Oxym\u00e8tre&rdquo;\" data-product_id=\"94\" data-product_sku=\"\" data-atc-popup=\"\" data-atc-animation=\"\" data-atc-fade-out-in=\"\" data-atc-animation-time=\"\" href=\"https:\/\/spmdistri.ml\/index.php\/produit\/oxymetre\/\"><span>Add to Cart<span class=\"wpr-grid-extra-icon-right\"><svg aria-hidden=\"true\" class=\"e-font-icon-svg e-fas-shopping-cart\" viewBox=\"0 0 576 512\" xmlns=\"http:\/\/www.w3.org\/2000\/svg\"><path d=\"M528.12 301.319l47.273-208C578.806 78.301 567.391 64 551.99 64H159.208l-9.166-44.81C147.758 8.021 137.93 0 126.529 0H24C10.745 0 0 10.745 0 24v16c0 13.255 10.745 24 24 24h69.883l70.248 343.435C147.325 417.1 136 435.222 136 456c0 30.928 25.072 56 56 56s56-25.072 56-56c0-15.674-6.447-29.835-16.824-40h209.647C430.447 426.165 424 440.326 424 456c0 30.928 25.072 56 56 56s56-25.072 56-56c0-22.172-12.888-41.332-31.579-50.405l5.517-24.276c3.413-15.018-8.002-29.319-23.403-29.319H218.117l-6.545-32h293.145c11.206 0 20.92-7.754 23.403-18.681z\"><\/path><\/svg><\/span><\/span><\/a><\/div><\/div><div class=\"wpr-grid-item-product_cat elementor-repeater-item-9c632b3 wpr-grid-item-display-block wpr-grid-item-align-left wpr-pointer-none wpr-pointer-line-fx wpr-pointer-fx-fade wpr-grid-product-categories\"><div class=\"inner-block\"><a  href=\"https:\/\/spmdistri.ml\/index.php\/categorie-produit\/accessoires\/\">Accessoires<\/a><\/div><\/div><\/div><\/div><\/article><\/section>\t\t\t\t<\/div>\n\t\t\t\t<\/div>\n\t\t\t\t\t<\/div>\n\t\t<\/div>\n\t\t\t\t\t<\/div>\n\t\t<\/section>\n\t\t\t\t<\/div>\n\t\t","protected":false},"excerpt":{"rendered":"<p>All Products Accessoires Masque Chirurgical type IIR ( Bte 50 pcs) Add to CartAccessoires Masque Chirurgical ( Bte 50 pcs) Add to CartAccessoires Masque m\u00e9dical ( Bte 50 pcs) Add to CartAccessoires Pansement Black Skin Add to CartAccessoires Analieur d&#8217;h\u00e9moglobine (Hb) Add to CartAccessoires Oxym\u00e8tre Add to CartAccessoires<\/p>\n","protected":false},"author":2,"featured_media":0,"parent":0,"menu_order":3,"comment_status":"closed","ping_status":"closed","template":"","meta":{"footnotes":""},"class_list":["post-2190","page","type-page","status-publish","hentry"],"_links":{"self":[{"href":"https:\/\/spmdistri.ml\/index.php\/wp-json\/wp\/v2\/pages\/2190","targetHints":{"allow":["GET"]}}],"collection":[{"href":"https:\/\/spmdistri.ml\/index.php\/wp-json\/wp\/v2\/pages"}],"about":[{"href":"https:\/\/spmdistri.ml\/index.php\/wp-json\/wp\/v2\/types\/page"}],"author":[{"embeddable":true,"href":"https:\/\/spmdistri.ml\/index.php\/wp-json\/wp\/v2\/users\/2"}],"replies":[{"embeddable":true,"href":"https:\/\/spmdistri.ml\/index.php\/wp-json\/wp\/v2\/comments?post=2190"}],"version-history":[{"count":4,"href":"https:\/\/spmdistri.ml\/index.php\/wp-json\/wp\/v2\/pages\/2190\/revisions"}],"predecessor-version":[{"id":2197,"href":"https:\/\/spmdistri.ml\/index.php\/wp-json\/wp\/v2\/pages\/2190\/revisions\/2197"}],"wp:attachment":[{"href":"https:\/\/spmdistri.ml\/index.php\/wp-json\/wp\/v2\/media?parent=2190"}],"curies":[{"name":"wp","href":"https:\/\/api.w.org\/{rel}","templated":true}]}}