{"id":114,"date":"2024-08-13T21:41:19","date_gmt":"2024-08-13T21:41:19","guid":{"rendered":"https:\/\/spmdistri.ml\/?post_type=product&#038;p=114"},"modified":"2024-08-13T22:54:00","modified_gmt":"2024-08-13T22:54:00","slug":"pansement-hippoallergique","status":"publish","type":"product","link":"https:\/\/spmdistri.ml\/index.php\/produit\/pansement-hippoallergique\/","title":{"rendered":"Pansement Black Skin"},"content":{"rendered":"<p>BLACK SKIN sont des pansements microperfor\u00e9s hypoallerg\u00e9niques indiqu\u00e9s pour la protection des plaies superficielles.<\/p>\n<p class=\"CDt4Ke zfr3Q\" dir=\"ltr\">Il contient un tampon antiadh\u00e9sif impr\u00e9gn\u00e9 d&rsquo;une solution antiseptique qui agit comme une protection antimicrobienne contre les petites plaies.<\/p>\n<p class=\"CDt4Ke zfr3Q\" dir=\"ltr\">Les pansements r\u00e9sistants SPM Distribution BLACK SKIN r\u00e9sistent \u00e0 toutes les situations.<\/p>\n","protected":false},"excerpt":{"rendered":"<p>BLACK SKIN sont des pansements microperfor\u00e9s hypoallerg\u00e9niques indiqu\u00e9s pour la protection des plaies superficielles. Il contient un tampon antiadh\u00e9sif impr\u00e9gn\u00e9 d&rsquo;une solution antiseptique qui agit comme une protection antimicrobienne contre les petites plaies. Les pansements r\u00e9sistants SPM Distribution BLACK SKIN r\u00e9sistent \u00e0 toutes les situations.<\/p>\n","protected":false},"featured_media":78,"template":"","meta":[],"product_brand":[],"product_cat":[16],"product_tag":[20],"class_list":{"0":"post-114","1":"product","2":"type-product","3":"status-publish","4":"has-post-thumbnail","6":"product_cat-accessoires","7":"product_tag-pansement","9":"first","10":"instock","11":"taxable","12":"shipping-taxable","13":"product-type-simple"},"_links":{"self":[{"href":"https:\/\/spmdistri.ml\/index.php\/wp-json\/wp\/v2\/product\/114","targetHints":{"allow":["GET"]}}],"collection":[{"href":"https:\/\/spmdistri.ml\/index.php\/wp-json\/wp\/v2\/product"}],"about":[{"href":"https:\/\/spmdistri.ml\/index.php\/wp-json\/wp\/v2\/types\/product"}],"version-history":[{"count":3,"href":"https:\/\/spmdistri.ml\/index.php\/wp-json\/wp\/v2\/product\/114\/revisions"}],"predecessor-version":[{"id":179,"href":"https:\/\/spmdistri.ml\/index.php\/wp-json\/wp\/v2\/product\/114\/revisions\/179"}],"wp:featuredmedia":[{"embeddable":true,"href":"https:\/\/spmdistri.ml\/index.php\/wp-json\/wp\/v2\/media\/78"}],"wp:attachment":[{"href":"https:\/\/spmdistri.ml\/index.php\/wp-json\/wp\/v2\/media?parent=114"}],"wp:term":[{"taxonomy":"product_brand","embeddable":true,"href":"https:\/\/spmdistri.ml\/index.php\/wp-json\/wp\/v2\/product_brand?post=114"},{"taxonomy":"product_cat","embeddable":true,"href":"https:\/\/spmdistri.ml\/index.php\/wp-json\/wp\/v2\/product_cat?post=114"},{"taxonomy":"product_tag","embeddable":true,"href":"https:\/\/spmdistri.ml\/index.php\/wp-json\/wp\/v2\/product_tag?post=114"}],"curies":[{"name":"wp","href":"https:\/\/api.w.org\/{rel}","templated":true}]}}